{"id":870,"date":"2025-04-08T08:06:59","date_gmt":"2025-04-08T06:06:59","guid":{"rendered":"https:\/\/sol-mec.com\/piezas-a-medida-y-repuestos\/"},"modified":"2025-04-08T08:47:44","modified_gmt":"2025-04-08T06:47:44","slug":"piezas-a-medida-y-repuestos","status":"publish","type":"page","link":"https:\/\/sol-mec.com\/es\/piezas-a-medida-y-repuestos\/","title":{"rendered":"Piezas a Medida y Repuestos"},"content":{"rendered":"\t\t<div data-elementor-type=\"wp-page\" data-elementor-id=\"870\" class=\"elementor elementor-870 elementor-844\" data-elementor-post-type=\"page\">\n\t\t\t\t<div class=\"elementor-element elementor-element-3bfbd17b e-flex e-con-boxed e-con e-parent\" data-id=\"3bfbd17b\" data-element_type=\"container\" data-e-type=\"container\" data-settings=\"{&quot;background_background&quot;:&quot;classic&quot;}\">\n\t\t\t\t\t<div class=\"e-con-inner\">\n\t\t<div class=\"elementor-element elementor-element-25174ad4 e-con-full e-flex e-con e-child\" data-id=\"25174ad4\" data-element_type=\"container\" data-e-type=\"container\">\n\t\t\t\t<div class=\"elementor-element elementor-element-ee2c437 elementor-icon-list--layout-inline elementor-align-start elementor-list-item-link-full_width elementor-invisible elementor-widget elementor-widget-icon-list\" data-id=\"ee2c437\" data-element_type=\"widget\" data-e-type=\"widget\" data-settings=\"{&quot;_animation&quot;:&quot;fadeInUp&quot;,&quot;_animation_delay&quot;:200}\" data-widget_type=\"icon-list.default\">\n\t\t\t\t<div class=\"elementor-widget-container\">\n\t\t\t\t\t\t\t<ul class=\"elementor-icon-list-items elementor-inline-items\">\n\t\t\t\t\t\t\t<li class=\"elementor-icon-list-item elementor-inline-item\">\n\t\t\t\t\t\t\t\t\t\t\t<a href=\"https:\/\/sol-mec.com\/es\/\">\n\n\t\t\t\t\t\t\t\t\t\t\t<span class=\"elementor-icon-list-text\">Inicio<\/span>\n\t\t\t\t\t\t\t\t\t\t\t<\/a>\n\t\t\t\t\t\t\t\t\t<\/li>\n\t\t\t\t\t\t\t\t<li class=\"elementor-icon-list-item elementor-inline-item\">\n\t\t\t\t\t\t\t\t\t\t<span class=\"elementor-icon-list-text\"><\/span>\n\t\t\t\t\t\t\t\t\t<\/li>\n\t\t\t\t\t\t<\/ul>\n\t\t\t\t\t\t<\/div>\n\t\t\t\t<\/div>\n\t\t\t\t<\/div>\n\t\t\t\t\t<\/div>\n\t\t\t\t<\/div>\n\t\t<div class=\"elementor-element elementor-element-77249025 e-flex e-con-boxed e-con e-parent\" data-id=\"77249025\" data-element_type=\"container\" data-e-type=\"container\" data-settings=\"{&quot;background_background&quot;:&quot;classic&quot;}\">\n\t\t\t\t\t<div class=\"e-con-inner\">\n\t\t<div class=\"elementor-element elementor-element-308ff608 e-con-full e-flex elementor-invisible e-con e-child\" data-id=\"308ff608\" data-element_type=\"container\" data-e-type=\"container\" data-settings=\"{&quot;background_background&quot;:&quot;classic&quot;,&quot;animation&quot;:&quot;fadeInLeft&quot;}\">\n\t\t\t\t<\/div>\n\t\t<div class=\"elementor-element elementor-element-63acd056 e-con-full e-flex elementor-invisible e-con e-child\" data-id=\"63acd056\" data-element_type=\"container\" data-e-type=\"container\" data-settings=\"{&quot;animation&quot;:&quot;fadeInRight&quot;}\">\n\t\t\t\t<div class=\"elementor-element elementor-element-243591e5 elementor-widget__width-inherit elementor-widget elementor-widget-heading\" data-id=\"243591e5\" data-element_type=\"widget\" data-e-type=\"widget\" data-widget_type=\"heading.default\">\n\t\t\t\t<div class=\"elementor-widget-container\">\n\t\t\t\t\t<div class=\"elementor-heading-title elementor-size-default\">Producci\u00f3n r\u00e1pida<\/div>\t\t\t\t<\/div>\n\t\t\t\t<\/div>\n\t\t\t\t<div class=\"elementor-element elementor-element-27e0981c elementor-widget__width-inherit elementor-widget elementor-widget-heading\" data-id=\"27e0981c\" data-element_type=\"widget\" data-e-type=\"widget\" data-widget_type=\"heading.default\">\n\t\t\t\t<div class=\"elementor-widget-container\">\n\t\t\t\t\t<h3 class=\"elementor-heading-title elementor-size-default\">Fabricaci\u00f3n de Piezas Industriales Personalizadas<\/h3>\t\t\t\t<\/div>\n\t\t\t\t<\/div>\n\t\t\t\t<div class=\"elementor-element elementor-element-7ed078b6 elementor-widget__width-inherit elementor-widget elementor-widget-text-editor\" data-id=\"7ed078b6\" data-element_type=\"widget\" data-e-type=\"widget\" data-widget_type=\"text-editor.default\">\n\t\t\t\t<div class=\"elementor-widget-container\">\n\t\t\t\t\t\t\t\t\tDise\u00f1amos y fabricamos piezas y repuestos a medida utilizando acero, inox, aluminio, polietileno, tefl\u00f3n y otros materiales. Nos adaptamos a cada proyecto y aseguramos una entrega r\u00e1pida para minimizar los paros en la producci\u00f3n. \t\t\t\t\t\t\t\t<\/div>\n\t\t\t\t<\/div>\n\t\t\t\t<div class=\"elementor-element elementor-element-5c766e12 elementor-widget__width-initial elementor-widget-tablet__width-inherit elementor-widget elementor-widget-icon-box\" data-id=\"5c766e12\" data-element_type=\"widget\" data-e-type=\"widget\" data-widget_type=\"icon-box.default\">\n\t\t\t\t<div class=\"elementor-widget-container\">\n\t\t\t\t\t\t\t<div class=\"elementor-icon-box-wrapper\">\n\n\t\t\t\n\t\t\t\t\t\t<div class=\"elementor-icon-box-content\">\n\n\t\t\t\t\t\t\t\t\t<h3 class=\"elementor-icon-box-title\">\n\t\t\t\t\t\t<span  >\n\t\t\t\t\t\t\tMateriales resistentes\t\t\t\t\t\t<\/span>\n\t\t\t\t\t<\/h3>\n\t\t\t\t\n\t\t\t\t\t\t\t\t\t<p class=\"elementor-icon-box-description\">\n\t\t\t\t\t\tPiezas fabricadas con materiales t\u00e9cnicos para alta durabilidad.\t\t\t\t\t<\/p>\n\t\t\t\t\n\t\t\t<\/div>\n\t\t\t\n\t\t<\/div>\n\t\t\t\t\t\t<\/div>\n\t\t\t\t<\/div>\n\t\t\t\t<div class=\"elementor-element elementor-element-9116241 elementor-widget__width-initial elementor-widget-tablet__width-inherit elementor-widget elementor-widget-icon-box\" data-id=\"9116241\" data-element_type=\"widget\" data-e-type=\"widget\" data-widget_type=\"icon-box.default\">\n\t\t\t\t<div class=\"elementor-widget-container\">\n\t\t\t\t\t\t\t<div class=\"elementor-icon-box-wrapper\">\n\n\t\t\t\n\t\t\t\t\t\t<div class=\"elementor-icon-box-content\">\n\n\t\t\t\t\t\t\t\t\t<h4 class=\"elementor-icon-box-title\">\n\t\t\t\t\t\t<span  >\n\t\t\t\t\t\t\tEntrega expresa\t\t\t\t\t\t<\/span>\n\t\t\t\t\t<\/h4>\n\t\t\t\t\n\t\t\t\t\t\t\t\t\t<p class=\"elementor-icon-box-description\">\n\t\t\t\t\t\tProducci\u00f3n eficiente para tener los repuestos listos cuando m\u00e1s son necesarios.\t\t\t\t\t<\/p>\n\t\t\t\t\n\t\t\t<\/div>\n\t\t\t\n\t\t<\/div>\n\t\t\t\t\t\t<\/div>\n\t\t\t\t<\/div>\n\t\t\t\t<\/div>\n\t\t\t\t\t<\/div>\n\t\t\t\t<\/div>\n\t\t\t\t<\/div>\n\t\t","protected":false},"excerpt":{"rendered":"<p>Inicio Producci\u00f3n r\u00e1pida Fabricaci\u00f3n de Piezas Industriales Personalizadas Dise\u00f1amos y fabricamos piezas y repuestos a medida utilizando acero, inox, aluminio, polietileno, tefl\u00f3n y otros materiales. Nos adaptamos a cada proyecto y aseguramos una entrega r\u00e1pida para minimizar los paros en la producci\u00f3n. Materiales resistentes Piezas fabricadas con materiales t\u00e9cnicos para alta durabilidad. Entrega expresa Producci\u00f3n [&hellip;]<\/p>\n","protected":false},"author":2,"featured_media":487,"parent":0,"menu_order":0,"comment_status":"closed","ping_status":"closed","template":"elementor_header_footer","meta":{"footnotes":""},"class_list":["post-870","page","type-page","status-publish","has-post-thumbnail","hentry"],"yoast_head":"<!-- This site is optimized with the Yoast SEO plugin v27.3 - https:\/\/yoast.com\/product\/yoast-seo-wordpress\/ -->\n<title>Piezas a Medida y Repuestos - Reparaci\u00f3 de maquin\u00e0ria industrial - Sol-Mec<\/title>\n<meta name=\"description\" content=\"Dise\u00f1amos y fabricamos piezas y repuestos a medida utilizando acero, inox, aluminio, polietileno, tefl\u00f3n y otros materiales.\" \/>\n<meta name=\"robots\" content=\"index, follow, max-snippet:-1, max-image-preview:large, max-video-preview:-1\" \/>\n<link rel=\"canonical\" href=\"https:\/\/sol-mec.com\/es\/piezas-a-medida-y-repuestos\/\" \/>\n<meta property=\"og:locale\" content=\"es_ES\" \/>\n<meta property=\"og:type\" content=\"article\" \/>\n<meta property=\"og:title\" content=\"Piezas a Medida y Repuestos - Reparaci\u00f3 de maquin\u00e0ria industrial - Sol-Mec\" \/>\n<meta property=\"og:description\" content=\"Dise\u00f1amos y fabricamos piezas y repuestos a medida utilizando acero, inox, aluminio, polietileno, tefl\u00f3n y otros materiales.\" \/>\n<meta property=\"og:url\" content=\"https:\/\/sol-mec.com\/es\/piezas-a-medida-y-repuestos\/\" \/>\n<meta property=\"og:site_name\" content=\"Reparaci\u00f3 de maquin\u00e0ria industrial - Sol-Mec\" \/>\n<meta property=\"article:modified_time\" content=\"2025-04-08T06:47:44+00:00\" \/>\n<meta property=\"og:image\" content=\"https:\/\/sol-mec.com\/wp-content\/uploads\/2024\/12\/fabricacio-industrial-2.jpg\" \/>\n\t<meta property=\"og:image:width\" content=\"1800\" \/>\n\t<meta property=\"og:image:height\" content=\"1152\" \/>\n\t<meta property=\"og:image:type\" content=\"image\/jpeg\" \/>\n<meta name=\"twitter:card\" content=\"summary_large_image\" \/>\n<script type=\"application\/ld+json\" class=\"yoast-schema-graph\">{\"@context\":\"https:\\\/\\\/schema.org\",\"@graph\":[{\"@type\":\"WebPage\",\"@id\":\"https:\\\/\\\/sol-mec.com\\\/es\\\/piezas-a-medida-y-repuestos\\\/\",\"url\":\"https:\\\/\\\/sol-mec.com\\\/es\\\/piezas-a-medida-y-repuestos\\\/\",\"name\":\"Piezas a Medida y Repuestos - Reparaci\u00f3 de maquin\u00e0ria industrial - Sol-Mec\",\"isPartOf\":{\"@id\":\"https:\\\/\\\/sol-mec.com\\\/es\\\/#website\"},\"primaryImageOfPage\":{\"@id\":\"https:\\\/\\\/sol-mec.com\\\/es\\\/piezas-a-medida-y-repuestos\\\/#primaryimage\"},\"image\":{\"@id\":\"https:\\\/\\\/sol-mec.com\\\/es\\\/piezas-a-medida-y-repuestos\\\/#primaryimage\"},\"thumbnailUrl\":\"https:\\\/\\\/sol-mec.com\\\/wp-content\\\/uploads\\\/2024\\\/12\\\/fabricacio-industrial-2.jpg\",\"datePublished\":\"2025-04-08T06:06:59+00:00\",\"dateModified\":\"2025-04-08T06:47:44+00:00\",\"description\":\"Dise\u00f1amos y fabricamos piezas y repuestos a medida utilizando acero, inox, aluminio, polietileno, tefl\u00f3n y otros materiales.\",\"breadcrumb\":{\"@id\":\"https:\\\/\\\/sol-mec.com\\\/es\\\/piezas-a-medida-y-repuestos\\\/#breadcrumb\"},\"inLanguage\":\"es\",\"potentialAction\":[{\"@type\":\"ReadAction\",\"target\":[\"https:\\\/\\\/sol-mec.com\\\/es\\\/piezas-a-medida-y-repuestos\\\/\"]}]},{\"@type\":\"ImageObject\",\"inLanguage\":\"es\",\"@id\":\"https:\\\/\\\/sol-mec.com\\\/es\\\/piezas-a-medida-y-repuestos\\\/#primaryimage\",\"url\":\"https:\\\/\\\/sol-mec.com\\\/wp-content\\\/uploads\\\/2024\\\/12\\\/fabricacio-industrial-2.jpg\",\"contentUrl\":\"https:\\\/\\\/sol-mec.com\\\/wp-content\\\/uploads\\\/2024\\\/12\\\/fabricacio-industrial-2.jpg\",\"width\":1800,\"height\":1152,\"caption\":\"Fabricaci\u00f3 de peces a mida i recanvis\"},{\"@type\":\"BreadcrumbList\",\"@id\":\"https:\\\/\\\/sol-mec.com\\\/es\\\/piezas-a-medida-y-repuestos\\\/#breadcrumb\",\"itemListElement\":[{\"@type\":\"ListItem\",\"position\":1,\"name\":\"Portada\",\"item\":\"https:\\\/\\\/sol-mec.com\\\/es\\\/inicio\\\/\"},{\"@type\":\"ListItem\",\"position\":2,\"name\":\"Piezas a Medida y Repuestos\"}]},{\"@type\":\"WebSite\",\"@id\":\"https:\\\/\\\/sol-mec.com\\\/es\\\/#website\",\"url\":\"https:\\\/\\\/sol-mec.com\\\/es\\\/\",\"name\":\"Reparaci\u00f3 de maquin\u00e0ria industrial - Sol-Mec\",\"description\":\"Reconstru\u00efm qualsevol pe\u00e7a que hagi sofert desgast per \u00fas continuat\",\"potentialAction\":[{\"@type\":\"SearchAction\",\"target\":{\"@type\":\"EntryPoint\",\"urlTemplate\":\"https:\\\/\\\/sol-mec.com\\\/es\\\/?s={search_term_string}\"},\"query-input\":{\"@type\":\"PropertyValueSpecification\",\"valueRequired\":true,\"valueName\":\"search_term_string\"}}],\"inLanguage\":\"es\"}]}<\/script>\n<!-- \/ Yoast SEO plugin. -->","yoast_head_json":{"title":"Piezas a Medida y Repuestos - Reparaci\u00f3 de maquin\u00e0ria industrial - Sol-Mec","description":"Dise\u00f1amos y fabricamos piezas y repuestos a medida utilizando acero, inox, aluminio, polietileno, tefl\u00f3n y otros materiales.","robots":{"index":"index","follow":"follow","max-snippet":"max-snippet:-1","max-image-preview":"max-image-preview:large","max-video-preview":"max-video-preview:-1"},"canonical":"https:\/\/sol-mec.com\/es\/piezas-a-medida-y-repuestos\/","og_locale":"es_ES","og_type":"article","og_title":"Piezas a Medida y Repuestos - Reparaci\u00f3 de maquin\u00e0ria industrial - Sol-Mec","og_description":"Dise\u00f1amos y fabricamos piezas y repuestos a medida utilizando acero, inox, aluminio, polietileno, tefl\u00f3n y otros materiales.","og_url":"https:\/\/sol-mec.com\/es\/piezas-a-medida-y-repuestos\/","og_site_name":"Reparaci\u00f3 de maquin\u00e0ria industrial - Sol-Mec","article_modified_time":"2025-04-08T06:47:44+00:00","og_image":[{"width":1800,"height":1152,"url":"https:\/\/sol-mec.com\/wp-content\/uploads\/2024\/12\/fabricacio-industrial-2.jpg","type":"image\/jpeg"}],"twitter_card":"summary_large_image","schema":{"@context":"https:\/\/schema.org","@graph":[{"@type":"WebPage","@id":"https:\/\/sol-mec.com\/es\/piezas-a-medida-y-repuestos\/","url":"https:\/\/sol-mec.com\/es\/piezas-a-medida-y-repuestos\/","name":"Piezas a Medida y Repuestos - Reparaci\u00f3 de maquin\u00e0ria industrial - Sol-Mec","isPartOf":{"@id":"https:\/\/sol-mec.com\/es\/#website"},"primaryImageOfPage":{"@id":"https:\/\/sol-mec.com\/es\/piezas-a-medida-y-repuestos\/#primaryimage"},"image":{"@id":"https:\/\/sol-mec.com\/es\/piezas-a-medida-y-repuestos\/#primaryimage"},"thumbnailUrl":"https:\/\/sol-mec.com\/wp-content\/uploads\/2024\/12\/fabricacio-industrial-2.jpg","datePublished":"2025-04-08T06:06:59+00:00","dateModified":"2025-04-08T06:47:44+00:00","description":"Dise\u00f1amos y fabricamos piezas y repuestos a medida utilizando acero, inox, aluminio, polietileno, tefl\u00f3n y otros materiales.","breadcrumb":{"@id":"https:\/\/sol-mec.com\/es\/piezas-a-medida-y-repuestos\/#breadcrumb"},"inLanguage":"es","potentialAction":[{"@type":"ReadAction","target":["https:\/\/sol-mec.com\/es\/piezas-a-medida-y-repuestos\/"]}]},{"@type":"ImageObject","inLanguage":"es","@id":"https:\/\/sol-mec.com\/es\/piezas-a-medida-y-repuestos\/#primaryimage","url":"https:\/\/sol-mec.com\/wp-content\/uploads\/2024\/12\/fabricacio-industrial-2.jpg","contentUrl":"https:\/\/sol-mec.com\/wp-content\/uploads\/2024\/12\/fabricacio-industrial-2.jpg","width":1800,"height":1152,"caption":"Fabricaci\u00f3 de peces a mida i recanvis"},{"@type":"BreadcrumbList","@id":"https:\/\/sol-mec.com\/es\/piezas-a-medida-y-repuestos\/#breadcrumb","itemListElement":[{"@type":"ListItem","position":1,"name":"Portada","item":"https:\/\/sol-mec.com\/es\/inicio\/"},{"@type":"ListItem","position":2,"name":"Piezas a Medida y Repuestos"}]},{"@type":"WebSite","@id":"https:\/\/sol-mec.com\/es\/#website","url":"https:\/\/sol-mec.com\/es\/","name":"Reparaci\u00f3 de maquin\u00e0ria industrial - Sol-Mec","description":"Reconstru\u00efm qualsevol pe\u00e7a que hagi sofert desgast per \u00fas continuat","potentialAction":[{"@type":"SearchAction","target":{"@type":"EntryPoint","urlTemplate":"https:\/\/sol-mec.com\/es\/?s={search_term_string}"},"query-input":{"@type":"PropertyValueSpecification","valueRequired":true,"valueName":"search_term_string"}}],"inLanguage":"es"}]}},"_links":{"self":[{"href":"https:\/\/sol-mec.com\/es\/wp-json\/wp\/v2\/pages\/870","targetHints":{"allow":["GET"]}}],"collection":[{"href":"https:\/\/sol-mec.com\/es\/wp-json\/wp\/v2\/pages"}],"about":[{"href":"https:\/\/sol-mec.com\/es\/wp-json\/wp\/v2\/types\/page"}],"author":[{"embeddable":true,"href":"https:\/\/sol-mec.com\/es\/wp-json\/wp\/v2\/users\/2"}],"replies":[{"embeddable":true,"href":"https:\/\/sol-mec.com\/es\/wp-json\/wp\/v2\/comments?post=870"}],"version-history":[{"count":1,"href":"https:\/\/sol-mec.com\/es\/wp-json\/wp\/v2\/pages\/870\/revisions"}],"predecessor-version":[{"id":871,"href":"https:\/\/sol-mec.com\/es\/wp-json\/wp\/v2\/pages\/870\/revisions\/871"}],"wp:featuredmedia":[{"embeddable":true,"href":"https:\/\/sol-mec.com\/es\/wp-json\/wp\/v2\/media\/487"}],"wp:attachment":[{"href":"https:\/\/sol-mec.com\/es\/wp-json\/wp\/v2\/media?parent=870"}],"curies":[{"name":"wp","href":"https:\/\/api.w.org\/{rel}","templated":true}]}}