{"id":619,"date":"2023-07-21T08:17:55","date_gmt":"2023-07-21T06:17:55","guid":{"rendered":"https:\/\/sol-mec.com\/?page_id=619"},"modified":"2025-02-25T12:26:33","modified_gmt":"2025-02-25T11:26:33","slug":"aviso-legal-2","status":"publish","type":"page","link":"https:\/\/sol-mec.com\/es\/aviso-legal-2\/","title":{"rendered":"Aviso legal"},"content":{"rendered":"\t\t<div data-elementor-type=\"wp-page\" data-elementor-id=\"619\" class=\"elementor elementor-619 elementor-73\" data-elementor-post-type=\"page\">\n\t\t\t\t\t\t<section class=\"elementor-section elementor-top-section elementor-element elementor-element-6df84b6 elementor-section-boxed elementor-section-height-default elementor-section-height-default\" data-id=\"6df84b6\" data-element_type=\"section\" data-e-type=\"section\">\n\t\t\t\t\t\t<div class=\"elementor-container elementor-column-gap-default\">\n\t\t\t\t\t<div class=\"elementor-column elementor-col-100 elementor-top-column elementor-element elementor-element-0318781\" data-id=\"0318781\" data-element_type=\"column\" data-e-type=\"column\">\n\t\t\t<div class=\"elementor-widget-wrap elementor-element-populated\">\n\t\t\t\t\t\t<div class=\"elementor-element elementor-element-6799c81 elementor-widget elementor-widget-text-editor\" data-id=\"6799c81\" data-element_type=\"widget\" data-e-type=\"widget\" data-widget_type=\"text-editor.default\">\n\t\t\t\t<div class=\"elementor-widget-container\">\n\t\t\t\t\t\t\t\t\t<div class=\"elementor-element elementor-element-8a66503 elementor-widget elementor-widget-heading\" data-id=\"8a66503\" data-element_type=\"widget\" data-widget_type=\"heading.default\"><div class=\"elementor-widget-container\"><h2 class=\"elementor-heading-title elementor-size-default\">MANTENIMIENTOS INDUSTRIALES SOL-MEC S.L.<\/h2><\/div><\/div><div class=\"elementor-element elementor-element-9820803 elementor-widget elementor-widget-text-editor\" data-id=\"9820803\" data-element_type=\"widget\" data-widget_type=\"text-editor.default\"><div class=\"elementor-widget-container\"><p><b>Informaci\u00f3n de conformidad con el art\u00edculo 10 de la LSSI<\/b><\/p><p><b>La titular de esta web es:<\/b><\/p><p>Identidad: MANTENIMIENTOS INDUSTRIALES SOL-MEC S.L.<\/p><p>NIF: B17507633<\/p><p>Direcci\u00f3n: C\/ Onyar 96, Pol. Ind. POLINGESA, 17457<\/p><p>Tel.: 665 54 89 90<\/p><p>Email:\u00a0<span id=\"eeb-939248-163482\">info@sol-mec.com<\/span><\/p><p><b>Condiciones de uso<\/b><\/p><p>El uso de esta web implica la aceptaci\u00f3n plena de los t\u00e9rminos y condiciones del presente aviso legal.\u00a0Los posibles conflictos relativos a esta web se regir\u00e1n exclusivamente por el derecho del Estado espa\u00f1ol.\u00a0Toda persona usuaria de la web, independientemente de la jurisdicci\u00f3n territorial desde la que se produzca su acceso, acepta el cumplimiento y respeto de estas cl\u00e1usulas con renuncia expresa a cualquier otro fuero que pudiera corresponderle.<\/p><p><b>Propiedad intelectual e industrial<\/b><\/p><p>La totalidad del contenido de este sitio web, ya sean textos, im\u00e1genes, sonidos, marcas, logotipos u otros elementos, as\u00ed como subestructura, dise\u00f1o, combinaciones de colores o forma de presentaci\u00f3n de los materiales, est\u00e1n protegidos por derechos de propiedad industrial e intelectual que el usuario de este sitio web debe respetar. No es l\u00edcita su transformaci\u00f3n o alteraci\u00f3n, comunicaci\u00f3n p\u00fablica o cualquier otra forma de explotaci\u00f3n por cualquier procedimiento sin la autorizaci\u00f3n expresa de MANTENIMIENTOS INDUSTRIALES SOL-MEC S.L.<\/p><p><b>Responsabilidad sobre los contenidos<\/b><\/p><p>Aunque MANTENIMIENTOS INDUSTRIALES SOL-MEC S.L. act\u00faa con la m\u00e1xima diligencia posible, puede darse el caso de que alg\u00fan dato o informaci\u00f3n no est\u00e9 del todo actualizada en el momento que el usuario del sitio web lo consulte. Por ello, las informaciones que se presentan en esta web tienen una funci\u00f3n orientativa y no obligan a MANTENIMIENTOS INDUSTRIALES SOL-MEC S.L.<\/p><p>MANTENIMIENTOS INDUSTRIALES SOL-MEC S.L. no ser\u00e1 responsable de la informaci\u00f3n que se pueda obtener a trav\u00e9s de enlaces incluidos en su web.<\/p><p>MANTENIMIENTOS INDUSTRIALES SOL-MEC S.L. se reserva la facultad de realizar, en cualquier momento y sin necesidad de preaviso, modificaciones o actualizaciones de la informaci\u00f3n y de cualquiera de los elementos que integren el dise\u00f1o y configuraci\u00f3n de la p\u00e1gina web.<\/p><p><b>Ley aplicable y jurisdicci\u00f3n:<\/b><\/p><p>El uso de este sitio web implica la aceptaci\u00f3n plena de los t\u00e9rminos y condiciones de la presente pol\u00edtica legal. Los posibles conflictos relativos a esta web se regir\u00e1n exclusivamente por la legislaci\u00f3n espa\u00f1ola, siendo competentes los Juzgados y Tribunales espa\u00f1oles para conocer de cuantas cuestiones se susciten sobre ella. El usuario, por virtud de su aceptaci\u00f3n renuncia expresamente a cualquier fuero que por aplicaci\u00f3n de la Ley de Enjuiciamiento Civil vigente pudiera corresponderle.<\/p><\/div><\/div>\t\t\t\t\t\t\t\t<\/div>\n\t\t\t\t<\/div>\n\t\t\t\t\t<\/div>\n\t\t<\/div>\n\t\t\t\t\t<\/div>\n\t\t<\/section>\n\t\t\t\t<\/div>\n\t\t","protected":false},"excerpt":{"rendered":"<p>MANTENIMIENTOS INDUSTRIALES SOL-MEC S.L. Informaci\u00f3n de conformidad con el art\u00edculo 10 de la LSSI La titular de esta web es: Identidad: MANTENIMIENTOS INDUSTRIALES SOL-MEC S.L. NIF: B17507633 Direcci\u00f3n: C\/ Onyar 96, Pol. Ind. POLINGESA, 17457 Tel.: 665 54 89 90 Email:\u00a0info@sol-mec.com Condiciones de uso El uso de esta web implica la aceptaci\u00f3n plena de los [&hellip;]<\/p>\n","protected":false},"author":2,"featured_media":0,"parent":0,"menu_order":0,"comment_status":"closed","ping_status":"closed","template":"","meta":{"footnotes":""},"class_list":["post-619","page","type-page","status-publish","hentry"],"yoast_head":"<!-- This site is optimized with the Yoast SEO plugin v27.3 - https:\/\/yoast.com\/product\/yoast-seo-wordpress\/ -->\n<title>Aviso legal - Reparaci\u00f3 de maquin\u00e0ria industrial - Sol-Mec<\/title>\n<meta name=\"robots\" content=\"index, follow, max-snippet:-1, max-image-preview:large, max-video-preview:-1\" \/>\n<link rel=\"canonical\" href=\"https:\/\/sol-mec.com\/es\/aviso-legal-2\/\" \/>\n<meta property=\"og:locale\" content=\"es_ES\" \/>\n<meta property=\"og:type\" content=\"article\" \/>\n<meta property=\"og:title\" content=\"Aviso legal - Reparaci\u00f3 de maquin\u00e0ria industrial - Sol-Mec\" \/>\n<meta property=\"og:description\" content=\"MANTENIMIENTOS INDUSTRIALES SOL-MEC S.L. Informaci\u00f3n de conformidad con el art\u00edculo 10 de la LSSI La titular de esta web es: Identidad: MANTENIMIENTOS INDUSTRIALES SOL-MEC S.L. NIF: B17507633 Direcci\u00f3n: C\/ Onyar 96, Pol. Ind. POLINGESA, 17457 Tel.: 665 54 89 90 Email:\u00a0info@sol-mec.com Condiciones de uso El uso de esta web implica la aceptaci\u00f3n plena de los [&hellip;]\" \/>\n<meta property=\"og:url\" content=\"https:\/\/sol-mec.com\/es\/aviso-legal-2\/\" \/>\n<meta property=\"og:site_name\" content=\"Reparaci\u00f3 de maquin\u00e0ria industrial - Sol-Mec\" \/>\n<meta property=\"article:modified_time\" content=\"2025-02-25T11:26:33+00:00\" \/>\n<meta name=\"twitter:card\" content=\"summary_large_image\" \/>\n<meta name=\"twitter:label1\" content=\"Tiempo de lectura\" \/>\n\t<meta name=\"twitter:data1\" content=\"4 minutos\" \/>\n<script type=\"application\/ld+json\" class=\"yoast-schema-graph\">{\"@context\":\"https:\\\/\\\/schema.org\",\"@graph\":[{\"@type\":\"WebPage\",\"@id\":\"https:\\\/\\\/sol-mec.com\\\/es\\\/aviso-legal-2\\\/\",\"url\":\"https:\\\/\\\/sol-mec.com\\\/es\\\/aviso-legal-2\\\/\",\"name\":\"Aviso legal - Reparaci\u00f3 de maquin\u00e0ria industrial - Sol-Mec\",\"isPartOf\":{\"@id\":\"https:\\\/\\\/sol-mec.com\\\/es\\\/#website\"},\"datePublished\":\"2023-07-21T06:17:55+00:00\",\"dateModified\":\"2025-02-25T11:26:33+00:00\",\"breadcrumb\":{\"@id\":\"https:\\\/\\\/sol-mec.com\\\/es\\\/aviso-legal-2\\\/#breadcrumb\"},\"inLanguage\":\"es\",\"potentialAction\":[{\"@type\":\"ReadAction\",\"target\":[\"https:\\\/\\\/sol-mec.com\\\/es\\\/aviso-legal-2\\\/\"]}]},{\"@type\":\"BreadcrumbList\",\"@id\":\"https:\\\/\\\/sol-mec.com\\\/es\\\/aviso-legal-2\\\/#breadcrumb\",\"itemListElement\":[{\"@type\":\"ListItem\",\"position\":1,\"name\":\"Portada\",\"item\":\"https:\\\/\\\/sol-mec.com\\\/es\\\/inicio\\\/\"},{\"@type\":\"ListItem\",\"position\":2,\"name\":\"Aviso legal\"}]},{\"@type\":\"WebSite\",\"@id\":\"https:\\\/\\\/sol-mec.com\\\/es\\\/#website\",\"url\":\"https:\\\/\\\/sol-mec.com\\\/es\\\/\",\"name\":\"Reparaci\u00f3 de maquin\u00e0ria industrial - Sol-Mec\",\"description\":\"Reconstru\u00efm qualsevol pe\u00e7a que hagi sofert desgast per \u00fas continuat\",\"potentialAction\":[{\"@type\":\"SearchAction\",\"target\":{\"@type\":\"EntryPoint\",\"urlTemplate\":\"https:\\\/\\\/sol-mec.com\\\/es\\\/?s={search_term_string}\"},\"query-input\":{\"@type\":\"PropertyValueSpecification\",\"valueRequired\":true,\"valueName\":\"search_term_string\"}}],\"inLanguage\":\"es\"}]}<\/script>\n<!-- \/ Yoast SEO plugin. -->","yoast_head_json":{"title":"Aviso legal - Reparaci\u00f3 de maquin\u00e0ria industrial - Sol-Mec","robots":{"index":"index","follow":"follow","max-snippet":"max-snippet:-1","max-image-preview":"max-image-preview:large","max-video-preview":"max-video-preview:-1"},"canonical":"https:\/\/sol-mec.com\/es\/aviso-legal-2\/","og_locale":"es_ES","og_type":"article","og_title":"Aviso legal - Reparaci\u00f3 de maquin\u00e0ria industrial - Sol-Mec","og_description":"MANTENIMIENTOS INDUSTRIALES SOL-MEC S.L. Informaci\u00f3n de conformidad con el art\u00edculo 10 de la LSSI La titular de esta web es: Identidad: MANTENIMIENTOS INDUSTRIALES SOL-MEC S.L. NIF: B17507633 Direcci\u00f3n: C\/ Onyar 96, Pol. Ind. POLINGESA, 17457 Tel.: 665 54 89 90 Email:\u00a0info@sol-mec.com Condiciones de uso El uso de esta web implica la aceptaci\u00f3n plena de los [&hellip;]","og_url":"https:\/\/sol-mec.com\/es\/aviso-legal-2\/","og_site_name":"Reparaci\u00f3 de maquin\u00e0ria industrial - Sol-Mec","article_modified_time":"2025-02-25T11:26:33+00:00","twitter_card":"summary_large_image","twitter_misc":{"Tiempo de lectura":"4 minutos"},"schema":{"@context":"https:\/\/schema.org","@graph":[{"@type":"WebPage","@id":"https:\/\/sol-mec.com\/es\/aviso-legal-2\/","url":"https:\/\/sol-mec.com\/es\/aviso-legal-2\/","name":"Aviso legal - Reparaci\u00f3 de maquin\u00e0ria industrial - Sol-Mec","isPartOf":{"@id":"https:\/\/sol-mec.com\/es\/#website"},"datePublished":"2023-07-21T06:17:55+00:00","dateModified":"2025-02-25T11:26:33+00:00","breadcrumb":{"@id":"https:\/\/sol-mec.com\/es\/aviso-legal-2\/#breadcrumb"},"inLanguage":"es","potentialAction":[{"@type":"ReadAction","target":["https:\/\/sol-mec.com\/es\/aviso-legal-2\/"]}]},{"@type":"BreadcrumbList","@id":"https:\/\/sol-mec.com\/es\/aviso-legal-2\/#breadcrumb","itemListElement":[{"@type":"ListItem","position":1,"name":"Portada","item":"https:\/\/sol-mec.com\/es\/inicio\/"},{"@type":"ListItem","position":2,"name":"Aviso legal"}]},{"@type":"WebSite","@id":"https:\/\/sol-mec.com\/es\/#website","url":"https:\/\/sol-mec.com\/es\/","name":"Reparaci\u00f3 de maquin\u00e0ria industrial - Sol-Mec","description":"Reconstru\u00efm qualsevol pe\u00e7a que hagi sofert desgast per \u00fas continuat","potentialAction":[{"@type":"SearchAction","target":{"@type":"EntryPoint","urlTemplate":"https:\/\/sol-mec.com\/es\/?s={search_term_string}"},"query-input":{"@type":"PropertyValueSpecification","valueRequired":true,"valueName":"search_term_string"}}],"inLanguage":"es"}]}},"_links":{"self":[{"href":"https:\/\/sol-mec.com\/es\/wp-json\/wp\/v2\/pages\/619","targetHints":{"allow":["GET"]}}],"collection":[{"href":"https:\/\/sol-mec.com\/es\/wp-json\/wp\/v2\/pages"}],"about":[{"href":"https:\/\/sol-mec.com\/es\/wp-json\/wp\/v2\/types\/page"}],"author":[{"embeddable":true,"href":"https:\/\/sol-mec.com\/es\/wp-json\/wp\/v2\/users\/2"}],"replies":[{"embeddable":true,"href":"https:\/\/sol-mec.com\/es\/wp-json\/wp\/v2\/comments?post=619"}],"version-history":[{"count":7,"href":"https:\/\/sol-mec.com\/es\/wp-json\/wp\/v2\/pages\/619\/revisions"}],"predecessor-version":[{"id":626,"href":"https:\/\/sol-mec.com\/es\/wp-json\/wp\/v2\/pages\/619\/revisions\/626"}],"wp:attachment":[{"href":"https:\/\/sol-mec.com\/es\/wp-json\/wp\/v2\/media?parent=619"}],"curies":[{"name":"wp","href":"https:\/\/api.w.org\/{rel}","templated":true}]}}